{"id":3306,"date":"2024-03-14T11:00:14","date_gmt":"2024-03-14T10:00:14","guid":{"rendered":"https:\/\/casamansun.com\/?page_id=3306"},"modified":"2024-03-14T11:02:51","modified_gmt":"2024-03-14T10:02:51","slug":"logements","status":"publish","type":"page","link":"https:\/\/casamansun.com\/index.php\/logements\/","title":{"rendered":"Logements"},"content":{"rendered":"\n<h3 class=\"wp-block-heading\">Le Perroquet:<\/h3>\n\n\n<div class=\"wp-block-image\">\n<figure class=\"alignleft\"><a href=\"http:\/\/casamanscience.org\/?attachment_id=1266\"><img decoding=\"async\" src=\"http:\/\/casamanscience.org\/wp-content\/uploads\/2019\/08\/Hotel_Perroquet-300x138.jpg\" alt=\"\" class=\"wp-image-1266\"\/><\/a><\/figure><\/div>\n\n\n<p>Bien situ\u00e9, l\u2019h\u00f4tel Le Perroquet de Ziguinchor vous permettra de rejoindre les diff\u00e9rents sites remarquables de la r\u00e9gion, l\u2019une des plus belles du S\u00e9n\u00e9gal.<\/p>\n\n\n\n<ul>\n<li>Website: https:\/\/hotel-le-perroquet.com\/<\/li>\n\n\n\n<li>Adresse: Rue du Commerce | Quartier Escale, BP 307, Ziguinchor, Casamance, SENEGAL<\/li>\n\n\n\n<li>Tel: +221 33 991 23 29<\/li>\n<\/ul>\n\n\n\n<h4 class=\"wp-block-heading\">Le Flamboyant:<\/h4>\n\n\n<div class=\"wp-block-image\">\n<figure class=\"alignleft\"><img decoding=\"async\" src=\"http:\/\/casamanscience.org\/wp-content\/uploads\/2019\/08\/Hotel_LeFlamboyant-300x177.jpg\" alt=\"\" class=\"wp-image-1267\"\/><\/figure><\/div>\n\n\n<p>situ\u00e9 en plein centre ville de Ziguinchor. Cet h\u00f4tel associe confort, modernit\u00e9 et tradition Casaman\u00e7aise (architecture typique et d\u00e9coration locale)<\/p>\n\n\n\n<ul>\n<li>Website:&nbsp;<a href=\"http:\/\/flamboyant.info\/\">http:\/\/flamboyant.info\/<\/a><\/li>\n\n\n\n<li>Adresse:&nbsp;rue de France \u2013 BP208 ,&nbsp;Ziguinchor \u2013 SENEGAL<\/li>\n\n\n\n<li>Tel:&nbsp;(221) 33 991 22 23 \u2013 (221) 33 991 35 78<\/li>\n\n\n\n<li>courriel:&nbsp;resaflamboyant@casamance.net<\/li>\n<\/ul>\n\n\n\n<h4 class=\"wp-block-heading\"><strong>Le KADIANDOUMAGNE:<\/strong><\/h4>\n\n\n<div class=\"wp-block-image\">\n<figure class=\"alignleft\"><img decoding=\"async\" src=\"http:\/\/casamanscience.org\/wp-content\/uploads\/2019\/08\/Hotel_Kadiandoumagne-300x200.jpg\" alt=\"\" class=\"wp-image-1268\"\/><\/figure><\/div>\n\n\n<p>Au c\u0153ur de ZIGUINCHOR, situ\u00e9 devant un panorama majestueux en bordure du fleuve Casamance, l\u2019h\u00f4tel Kadiandoumagne, class\u00e9 3 \u00e9toiles, est un h\u00f4tel moderne. Le jardin luxuriant et sa piscine assurent calme et s\u00e9r\u00e9nit\u00e9.<\/p>\n\n\n\n<ul>\n<li>Website:&nbsp;<a href=\"http:\/\/www.hotel-kadiandoumagne.com\/\">http:\/\/www.hotel-kadiandoumagne.com\/<\/a><\/li>\n\n\n\n<li>Adresse:&nbsp;Embarcad\u00e8re de Boudody \u2013 B.P. 363 \u2013 52024 ZIGUINCHOR \u2013 S\u00e9n\u00e9gal<\/li>\n\n\n\n<li>Tel:&nbsp;&nbsp;+221 33.938.80.00<\/li>\n\n\n\n<li>courriel:&nbsp;<a href=\"mailto:resa@hotel-kadiandoumagne.com?subject=Site%20WEB%20Hotel-Kadiandoumagne.com%20::%20Objet%20:%20\">resa@hotel-kadiandoumagne.com<\/a><\/li>\n<\/ul>\n","protected":false},"excerpt":{"rendered":"<p>Le Perroquet: Bien situ\u00e9, l\u2019h\u00f4tel Le Perroquet de Ziguinchor vous permettra de rejoindre les diff\u00e9rents sites remarquables de la r\u00e9gion, l\u2019une des plus belles du S\u00e9n\u00e9gal. Le Flamboyant: situ\u00e9 en plein centre ville de Ziguinchor. Cet h\u00f4tel associe confort, modernit\u00e9 et tradition Casaman\u00e7aise (architecture typique et d\u00e9coration locale) Le KADIANDOUMAGNE: Au c\u0153ur de ZIGUINCHOR, situ\u00e9 devant un panorama majestueux en bordure du fleuve Casamance, l\u2019h\u00f4tel Kadiandoumagne, class\u00e9 3 \u00e9toiles, est un h\u00f4tel moderne. Le jardin luxuriant et sa piscine assurent calme et s\u00e9r\u00e9nit\u00e9.<\/p>\n","protected":false},"author":1,"featured_media":0,"parent":0,"menu_order":0,"comment_status":"closed","ping_status":"closed","template":"","meta":{"footnotes":""},"_links":{"self":[{"href":"https:\/\/casamansun.com\/index.php\/wp-json\/wp\/v2\/pages\/3306"}],"collection":[{"href":"https:\/\/casamansun.com\/index.php\/wp-json\/wp\/v2\/pages"}],"about":[{"href":"https:\/\/casamansun.com\/index.php\/wp-json\/wp\/v2\/types\/page"}],"author":[{"embeddable":true,"href":"https:\/\/casamansun.com\/index.php\/wp-json\/wp\/v2\/users\/1"}],"replies":[{"embeddable":true,"href":"https:\/\/casamansun.com\/index.php\/wp-json\/wp\/v2\/comments?post=3306"}],"version-history":[{"count":3,"href":"https:\/\/casamansun.com\/index.php\/wp-json\/wp\/v2\/pages\/3306\/revisions"}],"predecessor-version":[{"id":3316,"href":"https:\/\/casamansun.com\/index.php\/wp-json\/wp\/v2\/pages\/3306\/revisions\/3316"}],"wp:attachment":[{"href":"https:\/\/casamansun.com\/index.php\/wp-json\/wp\/v2\/media?parent=3306"}],"curies":[{"name":"wp","href":"https:\/\/api.w.org\/{rel}","templated":true}]}}