{"id":3234,"date":"2024-02-11T12:31:27","date_gmt":"2024-02-11T11:31:27","guid":{"rendered":"https:\/\/casamansun.com\/?page_id=3234"},"modified":"2024-03-14T11:01:16","modified_gmt":"2024-03-14T10:01:16","slug":"soumettre-un-resume","status":"publish","type":"page","link":"https:\/\/casamansun.com\/index.php\/soumettre-un-resume\/","title":{"rendered":"Soumission"},"content":{"rendered":"\n<p>Presentation Orale ou posters :&nbsp;<\/p>\n\n\n\n<p>R\u00e9sum\u00e9: 2 pages (simple colonne, police: Times New Roman, size: 12); 1 page d\u00e9di\u00e9e aux figures (graphiques, sch\u00e9mas techniques, photos scientifiques\u2026)<\/p>\n\n\n\n<p>Les r\u00e9sum\u00e9s seront soumis en ligne sous format pdf, expliciter le titre de la pr\u00e9sentation, les coordonn\u00e9es du contact (nom\/pr\u00e9nom, affiliation, adresse et email), type de pr\u00e9sentation d\u00e9sir\u00e9e (poster ou oral).<\/p>\n\n\n\n<h2 class=\"wp-block-heading\">Templates \u00e0 t\u00e9l\u00e9charger : <\/h2>\n\n\n\n<div class=\"wp-block-columns is-layout-flex wp-container-core-columns-layout-1 wp-block-columns-is-layout-flex\">\n<div class=\"wp-block-column is-layout-flow wp-block-column-is-layout-flow\">\n<p>Template en fran\u00e7ais \u00e0 t\u00e9l\u00e9charger :<\/p>\n\n\n\n<p>Template en anglais \u00e0 t\u00e9l\u00e9charger :<\/p>\n<\/div>\n\n\n\n<div class=\"wp-block-column is-layout-flow wp-block-column-is-layout-flow\">\n<div class=\"wp-block-file\"><a id=\"wp-block-file--media-c89f65ef-8902-4729-a959-143dd9f93229\" href=\"https:\/\/casamansun.com\/wp-content\/uploads\/2024\/02\/Template_resume_Casamasun2024_FR-1.doc\">Template_resume_Casamasun2024_FR-1<\/a><a href=\"https:\/\/casamansun.com\/wp-content\/uploads\/2024\/02\/Template_resume_Casamasun2024_FR-1.doc\" class=\"wp-block-file__button wp-element-button\" download aria-describedby=\"wp-block-file--media-c89f65ef-8902-4729-a959-143dd9f93229\">T\u00e9l\u00e9charger<\/a><\/div>\n\n\n\n<div class=\"wp-block-file\"><a id=\"wp-block-file--media-eabe8031-5563-44ae-8080-a0a170eca34f\" href=\"https:\/\/casamansun.com\/wp-content\/uploads\/2024\/02\/Template_resume_Casamasun_2024_Ang.doc\">Template_re\u0301sume_Casamasun_2024_Ang<\/a><a href=\"https:\/\/casamansun.com\/wp-content\/uploads\/2024\/02\/Template_resume_Casamasun_2024_Ang.doc\" class=\"wp-block-file__button wp-element-button\" download aria-describedby=\"wp-block-file--media-eabe8031-5563-44ae-8080-a0a170eca34f\">T\u00e9l\u00e9charger<\/a><\/div>\n<\/div>\n<\/div>\n\n\n\n<p><strong>Les r\u00e9sum\u00e9s seront soumis&nbsp;par&nbsp;email \u00e0:<\/strong><\/p>\n\n\n\n<p><a href=\"mailto:casamansun2024@univ-zig.sn\"><strong>casamansun2024@univ-zig.sn<\/strong><\/a><\/p>\n\n\n\n<p><strong>ou sur le formulaire en bas de page.<\/strong><\/p>\n\n\n\n<p><strong>Les doctorants devront signaler leur statut.<\/strong><\/p>\n\n\n\n<p>En effet, des prix de la meilleure pr\u00e9sentation orale et du meilleur poster sont en jeu.<\/p>\n\n\n\n<p>Vous pouvez opter pour le fran\u00e7ais ou l\u2019anglais. Si vous \u00eates selectionnes pour la publication dans un journal a comite de relecture, votre article longue version devra obligatoirement \u00eatre soumis en anglais.<\/p>\n\n\n\n<p><strong>Les meilleurs articles s\u00e9lectionn\u00e9s seront propos\u00e9s pour publication dans une revue index\u00e9e<\/strong><\/p>\n\n\n\n<p><strong>Le meilleur projet innovant b\u00e9n\u00e9ficiera d\u2019un accompagnement<\/strong><\/p>\n\n\n\n<div class=\"wpcf7 no-js\" id=\"wpcf7-f3252-o1\" lang=\"fr-FR\" dir=\"ltr\">\n<div class=\"screen-reader-response\"><p role=\"status\" aria-live=\"polite\" aria-atomic=\"true\"><\/p> <ul><\/ul><\/div>\n<form action=\"\/index.php\/wp-json\/wp\/v2\/pages\/3234#wpcf7-f3252-o1\" method=\"post\" class=\"wpcf7-form init\" aria-label=\"Formulaire de contact\" enctype=\"multipart\/form-data\" novalidate=\"novalidate\" data-status=\"init\">\n<div style=\"display: none;\">\n<input type=\"hidden\" name=\"_wpcf7\" value=\"3252\" \/>\n<input type=\"hidden\" name=\"_wpcf7_version\" value=\"5.8.7\" \/>\n<input type=\"hidden\" name=\"_wpcf7_locale\" value=\"fr_FR\" \/>\n<input type=\"hidden\" name=\"_wpcf7_unit_tag\" value=\"wpcf7-f3252-o1\" \/>\n<input type=\"hidden\" name=\"_wpcf7_container_post\" value=\"0\" \/>\n<input type=\"hidden\" name=\"_wpcf7_posted_data_hash\" value=\"\" \/>\n<\/div>\n<p><label> Votre nom<br \/>\n<span class=\"wpcf7-form-control-wrap\" data-name=\"your-name\"><input size=\"40\" class=\"wpcf7-form-control wpcf7-text wpcf7-validates-as-required\" autocomplete=\"name\" aria-required=\"true\" aria-invalid=\"false\" value=\"\" type=\"text\" name=\"your-name\" \/><\/span> <\/label>\n<\/p>\n<p><label> Votre e-mail<br \/>\n<span class=\"wpcf7-form-control-wrap\" data-name=\"your-email\"><input size=\"40\" class=\"wpcf7-form-control wpcf7-email wpcf7-validates-as-required wpcf7-text wpcf7-validates-as-email\" autocomplete=\"email\" aria-required=\"true\" aria-invalid=\"false\" value=\"\" type=\"email\" name=\"your-email\" \/><\/span> <\/label>\n<\/p>\n<p><label> Titre de l'article ou du projet<br \/>\n<span class=\"wpcf7-form-control-wrap\" data-name=\"your-subject\"><input size=\"40\" class=\"wpcf7-form-control wpcf7-text wpcf7-validates-as-required\" aria-required=\"true\" aria-invalid=\"false\" value=\"\" type=\"text\" name=\"your-subject\" \/><\/span> <\/label>\n<\/p>\n<p><label> R\u00e9sum\u00e9 (en pdf)<br \/>\n<span class=\"wpcf7-form-control-wrap\" data-name=\"file-895\"><input size=\"40\" class=\"wpcf7-form-control wpcf7-file wpcf7-validates-as-required\" accept=\".pdf\" aria-required=\"true\" aria-invalid=\"false\" type=\"file\" name=\"file-895\" \/><\/span><\/label>\n<\/p>\n<p><label> Commentaire (facultatif)<br \/>\n<span class=\"wpcf7-form-control-wrap\" data-name=\"your-message\"><textarea cols=\"40\" rows=\"10\" class=\"wpcf7-form-control wpcf7-textarea\" aria-invalid=\"false\" name=\"your-message\"><\/textarea><\/span> <\/label>\n<\/p>\n<p><input class=\"wpcf7-form-control wpcf7-submit has-spinner\" type=\"submit\" value=\"Envoyer\" \/>\n<\/p><div class=\"wpcf7-response-output\" aria-hidden=\"true\"><\/div>\n<\/form>\n<\/div>\n\n\n\n\n<p><\/p>\n","protected":false},"excerpt":{"rendered":"<p>Presentation Orale ou posters :&nbsp; R\u00e9sum\u00e9: 2 pages (simple colonne, police: Times New Roman, size: 12); 1 page d\u00e9di\u00e9e aux figures (graphiques, sch\u00e9mas techniques, photos scientifiques\u2026) Les r\u00e9sum\u00e9s seront soumis en ligne sous format pdf, expliciter le titre de la pr\u00e9sentation, les coordonn\u00e9es du contact (nom\/pr\u00e9nom, affiliation, adresse et email), type de pr\u00e9sentation d\u00e9sir\u00e9e (poster ou oral). Templates \u00e0 t\u00e9l\u00e9charger : Template en fran\u00e7ais \u00e0 t\u00e9l\u00e9charger : Template en anglais \u00e0 t\u00e9l\u00e9charger : Les r\u00e9sum\u00e9s seront soumis&nbsp;par&nbsp;email \u00e0: casamansun2024@univ-zig.sn ou sur le formulaire en bas de page. Les doctorants devront signaler leur statut. En effet, des prix de la meilleure pr\u00e9sentation orale et du meilleur poster sont en jeu. Vous pouvez opter pour le fran\u00e7ais ou l\u2019anglais. Si vous \u00eates selectionnes pour la publication dans un journal a comite de relecture, votre article longue version devra obligatoirement \u00eatre soumis en anglais. Les meilleurs articles s\u00e9lectionn\u00e9s seront propos\u00e9s pour publication dans&hellip;<\/p>\n<p> <a class=\"more-link\" href=\"https:\/\/casamansun.com\/index.php\/soumettre-un-resume\/\">Read more<\/a><\/p>\n","protected":false},"author":1,"featured_media":0,"parent":0,"menu_order":0,"comment_status":"closed","ping_status":"closed","template":"","meta":{"footnotes":""},"_links":{"self":[{"href":"https:\/\/casamansun.com\/index.php\/wp-json\/wp\/v2\/pages\/3234"}],"collection":[{"href":"https:\/\/casamansun.com\/index.php\/wp-json\/wp\/v2\/pages"}],"about":[{"href":"https:\/\/casamansun.com\/index.php\/wp-json\/wp\/v2\/types\/page"}],"author":[{"embeddable":true,"href":"https:\/\/casamansun.com\/index.php\/wp-json\/wp\/v2\/users\/1"}],"replies":[{"embeddable":true,"href":"https:\/\/casamansun.com\/index.php\/wp-json\/wp\/v2\/comments?post=3234"}],"version-history":[{"count":15,"href":"https:\/\/casamansun.com\/index.php\/wp-json\/wp\/v2\/pages\/3234\/revisions"}],"predecessor-version":[{"id":3314,"href":"https:\/\/casamansun.com\/index.php\/wp-json\/wp\/v2\/pages\/3234\/revisions\/3314"}],"wp:attachment":[{"href":"https:\/\/casamansun.com\/index.php\/wp-json\/wp\/v2\/media?parent=3234"}],"curies":[{"name":"wp","href":"https:\/\/api.w.org\/{rel}","templated":true}]}}