{"id":3223,"date":"2024-02-11T12:19:53","date_gmt":"2024-02-11T11:19:53","guid":{"rendered":"https:\/\/casamansun.com\/?page_id=3223"},"modified":"2024-03-14T11:04:04","modified_gmt":"2024-03-14T10:04:04","slug":"venir-et-se-loger","status":"publish","type":"page","link":"https:\/\/casamansun.com\/index.php\/venir-et-se-loger\/","title":{"rendered":"Transports"},"content":{"rendered":"\n<h3 class=\"wp-block-heading\">Venir par bateau:<\/h3>\n\n\n\n<p>source:&nbsp;<a href=\"http:\/\/www.cap-skirring.voyage\/tarifs-horaires-bateaux-dakar-ziguinchor.html\">http:\/\/www.cap-skirring.voyage\/tarifs-horaires-bateaux-dakar-ziguinchor.html<\/a><\/p>\n\n\n\n<figure class=\"wp-block-table\"><table><thead><tr><th>D\u00e9part<\/th><th>Arriv\u00e9e<\/th><th>Jours<\/th><th>Horaire embarquement<\/th><th>Horaire D\u00e9part<\/th><th>Horaire arriv\u00e9e<\/th><\/tr><\/thead><tbody><tr><td>DAKAR<\/td><td>ZIGUINCHOR<\/td><td>mardi<br>vendredi<\/td><td>14:30 \u2013 17:30<\/td><td>20:00<\/td><td>10:00 le lendemain<\/td><\/tr><tr><td>ZIGUINCHOR<\/td><td>DAKAR<\/td><td>jeudi<br>dimanche<\/td><td>11:30 \u2013 13:00<\/td><td>13:00<\/td><td>7:00 le lendemain<\/td><\/tr><\/tbody><\/table><\/figure>\n","protected":false},"excerpt":{"rendered":"<p>Venir par bateau: source:&nbsp;http:\/\/www.cap-skirring.voyage\/tarifs-horaires-bateaux-dakar-ziguinchor.html D\u00e9part Arriv\u00e9e Jours Horaire embarquement Horaire D\u00e9part Horaire arriv\u00e9e DAKAR ZIGUINCHOR mardivendredi 14:30 \u2013 17:30 20:00 10:00 le lendemain ZIGUINCHOR DAKAR jeudidimanche 11:30 \u2013 13:00 13:00 7:00 le lendemain<\/p>\n","protected":false},"author":1,"featured_media":0,"parent":0,"menu_order":0,"comment_status":"closed","ping_status":"closed","template":"","meta":{"footnotes":""},"_links":{"self":[{"href":"https:\/\/casamansun.com\/index.php\/wp-json\/wp\/v2\/pages\/3223"}],"collection":[{"href":"https:\/\/casamansun.com\/index.php\/wp-json\/wp\/v2\/pages"}],"about":[{"href":"https:\/\/casamansun.com\/index.php\/wp-json\/wp\/v2\/types\/page"}],"author":[{"embeddable":true,"href":"https:\/\/casamansun.com\/index.php\/wp-json\/wp\/v2\/users\/1"}],"replies":[{"embeddable":true,"href":"https:\/\/casamansun.com\/index.php\/wp-json\/wp\/v2\/comments?post=3223"}],"version-history":[{"count":5,"href":"https:\/\/casamansun.com\/index.php\/wp-json\/wp\/v2\/pages\/3223\/revisions"}],"predecessor-version":[{"id":3319,"href":"https:\/\/casamansun.com\/index.php\/wp-json\/wp\/v2\/pages\/3223\/revisions\/3319"}],"wp:attachment":[{"href":"https:\/\/casamansun.com\/index.php\/wp-json\/wp\/v2\/media?parent=3223"}],"curies":[{"name":"wp","href":"https:\/\/api.w.org\/{rel}","templated":true}]}}