{"id":3176,"date":"2024-02-10T19:39:03","date_gmt":"2024-02-10T18:39:03","guid":{"rendered":"https:\/\/casamansun.com\/?page_id=3176"},"modified":"2026-04-01T14:23:41","modified_gmt":"2026-04-01T12:23:41","slug":"comite-dorganisation","status":"publish","type":"page","link":"https:\/\/casamansun.com\/index.php\/comite-dorganisation\/","title":{"rendered":"Comit\u00e9 d&#8217;organisation 2024"},"content":{"rendered":"\n<p>Le comit\u00e9 d&#8217;organisation de Casamansun 2024 est compos\u00e9e de l&#8217;\u00e9quipe suivante :<\/p>\n\n\n\n<p>Pr\u00e9sident : Dr Moustapha THIAME | Vice-Pr\u00e9sident : Pr Diouma KOBOR<\/p>\n\n\n\n<p>Pr Moctar CAMARA (UASZ)<br>Dr Bamol Ali SOW (UASZ)<br>Pr Lat Grand NDIAYE (UASZ)<br>Dr Samo DIATTA (UASZ)<br>Dr Joseph Sambas\u00e8ne DIATTA (UASZ)<br>Dr Modou TINE (UASZ)<br>Dr Mamadou Lamine MBAYE (UASZ)<br>Dr Mouhamadou SY (UASZ)<br>Dr Serigne THIAO (UASZ)<br>Dr Habib Boubacar DIENG (UASZ)<br>Dr Ansoumane DIEDHIOU (UASZ)<br>Dr Issa FAYE (UASZ)<br>M. Dioncounda YOCK (UASZ)<br>Mme DABO Nd\u00e8ye Astou THIAW (UASZ)<br>M. Alioune Badara SAKHO (UASZ)<br>M. Alioune Badara DIENG (UASZ)<br>M. Joseph DIEDHIOU (UASZ)<br>M. Yaya DIALLO (UASZ)<br>Mme Mar\u00e8me SYLLA (UASZ)<br>Mme Safiatou KOMA (UASZ)<br>Mme Gemma PREIRA (UASZ)<br>Mme Awa DIOP (UASZ)<br>Mme L\u00e9a Suzane THIAW, DIR-COM (UASZ)<br>M. Mamadou Alpha MBALLO (UASZ)<br>M. Lamine KOMA (UASZ)<br>Pr Magatte CAMARA, DCIRMP (UASZ)<br>Dr Timack NGOM (UASZ)<br>Dr Saidou Nourou DIOP (UASZ)<br>Dr Ousmane DIALLO (UASZ)<br>Dr Djibril SARR (UASZ)<br>Dr El Hadji Balla DIEYE (UASZ)<br>Membres de CasamanScience<br>Pr Ibrahima DIEDHIOU (UIDT-ENSA).<br>Pr Dior Bineta DIALLO (UIDT).<br>Dr Awa MAR (UAM)<br>Dr Momath NDIAYE (USSEIN)<br>Dr Ibrahima KA (EPT)<br>Dr Mamadou LO (UASZ)<br>Dr Cheikh TIdiane WADE (UASZ)<\/p>\n\n\n\n<p><\/p>\n\n\n\n<p><strong>COMMISSION SCIENTIFIQUE<\/strong><br>Coordonnateur principal\u00a0: Dr Samo DIATTA<br>Adjoint Coordonnateur\u00a0: Dr Mamadou Lamine MBAYE<br>Membres<br>Dr Bamol Ali SOW, Dr Ababacar NDIAYE, Pr Lat Grand NDIAYE, Pr Moctar CAMARA, Dr Joseph<br>Sambasene DIATTA, Dr Modou TINE, Dr Habib DIENG, Dr Ansoumane DIEDHIOU, Dr Issa<br>FAYE, Dr Moustapha THIAME.<\/p>\n\n\n\n<p><strong>COMMISSION LOGISTIQUE<\/strong><br>Coordonnateur\u00a0: Alioune Badara SAKHO<br>Adjoint coordonnateur\u00a0: Dioncounda YOCK<br>Membre\u00a0: Awa DIOP (\u00e9v\u00e8nementiel), Lamine KOMA (\u00e9lectricien), Thierno Lamarana DIALLO<br>(chauffeur) et Abou TALL (Responsable des chauffeurs).<\/p>\n\n\n\n<p><strong>\u2713 Sous-commission : Accueil, transport, h\u00e9bergement<\/strong><\/p>\n\n\n\n<p>Responsable&nbsp;: Dioncounda YOCK<br>Membres&nbsp;: Joseph Sambasene DIATTA, Philippe B. HIMBANE, Issa FAYE, Moussa<br>CAMARA \/ Bureau de Liaison<\/p>\n\n\n\n<p><strong>\u2713 Sous-commission : Restauration<\/strong><\/p>\n\n\n\n<p>Responsable\u00a0: Safiatou KOMA<br>Membres\u00a0: Mar\u00e8me SYLLA, Nd\u00e8ye Astou THIAW, Alioune Badara DIENG, Oumy NDIAYE,<br>Gemma PREIRA<\/p>\n\n\n\n<p><strong>\u2713 Sous-commission : Installation des stands et mat\u00e9riels<\/strong><\/p>\n\n\n\n<p>Responsable\u00a0: Yaya DIALLO<br>Membres\u00a0: Moussa CAMARA, Doctorants du d\u00e9partement<br><strong>COMMISSION FINANCE\u00a0<\/strong>:<br>Coordonnateur\u00a0: Joseph DIEDHIOU<br>Adjoint Coordonnateur\u00a0: Moustapha THIAME<br><strong>COMMISSION PARTENARIAT &amp; MOBILISATION DE FONDS<\/strong><br>Joseph DIEDHIOU, Moustapha THIAME, Diouma KOBOR, Lat Grand NDIAYE, Samo DIATTA<\/p>\n\n\n\n<p><br><strong>COMMISSION COMMUNICATION<\/strong><br>Coordonnatrice\u00a0: Mme L\u00e9a Suzanne THIAW (Direction de la communication) \/ Mme GUEYE<br>(Bureau de liaison (UASZ)<br>Adjoint\u00a0: Moustapha THIAME<br>Membres : Diouma KOBOR, Samo DIATTA, Mohamed BANDIA, Mamadou Lamine FATY<\/p>\n","protected":false},"excerpt":{"rendered":"<p>Le comit\u00e9 d&#8217;organisation de Casamansun 2024 est compos\u00e9e de l&#8217;\u00e9quipe suivante : Pr\u00e9sident : Dr Moustapha THIAME | Vice-Pr\u00e9sident : Pr Diouma KOBOR Pr Moctar CAMARA (UASZ)Dr Bamol Ali SOW (UASZ)Pr Lat Grand NDIAYE (UASZ)Dr Samo DIATTA (UASZ)Dr Joseph Sambas\u00e8ne DIATTA (UASZ)Dr Modou TINE (UASZ)Dr Mamadou Lamine MBAYE (UASZ)Dr Mouhamadou SY (UASZ)Dr Serigne THIAO (UASZ)Dr Habib Boubacar DIENG (UASZ)Dr Ansoumane DIEDHIOU (UASZ)Dr Issa FAYE (UASZ)M. Dioncounda YOCK (UASZ)Mme DABO Nd\u00e8ye Astou THIAW (UASZ)M. Alioune Badara SAKHO (UASZ)M. Alioune Badara DIENG (UASZ)M. Joseph DIEDHIOU (UASZ)M. Yaya DIALLO (UASZ)Mme Mar\u00e8me SYLLA (UASZ)Mme Safiatou KOMA (UASZ)Mme Gemma PREIRA (UASZ)Mme Awa DIOP (UASZ)Mme L\u00e9a Suzane THIAW, DIR-COM (UASZ)M. Mamadou Alpha MBALLO (UASZ)M. Lamine KOMA (UASZ)Pr Magatte CAMARA, DCIRMP (UASZ)Dr Timack NGOM (UASZ)Dr Saidou Nourou DIOP (UASZ)Dr Ousmane DIALLO (UASZ)Dr Djibril SARR (UASZ)Dr El Hadji Balla DIEYE (UASZ)Membres de CasamanSciencePr Ibrahima DIEDHIOU (UIDT-ENSA).Pr Dior Bineta DIALLO (UIDT).Dr Awa MAR (UAM)Dr Momath NDIAYE (USSEIN)Dr Ibrahima KA&hellip;<\/p>\n<p> <a class=\"more-link\" href=\"https:\/\/casamansun.com\/index.php\/comite-dorganisation\/\">Read more<\/a><\/p>\n","protected":false},"author":1,"featured_media":0,"parent":0,"menu_order":0,"comment_status":"closed","ping_status":"closed","template":"","meta":{"footnotes":""},"_links":{"self":[{"href":"https:\/\/casamansun.com\/index.php\/wp-json\/wp\/v2\/pages\/3176"}],"collection":[{"href":"https:\/\/casamansun.com\/index.php\/wp-json\/wp\/v2\/pages"}],"about":[{"href":"https:\/\/casamansun.com\/index.php\/wp-json\/wp\/v2\/types\/page"}],"author":[{"embeddable":true,"href":"https:\/\/casamansun.com\/index.php\/wp-json\/wp\/v2\/users\/1"}],"replies":[{"embeddable":true,"href":"https:\/\/casamansun.com\/index.php\/wp-json\/wp\/v2\/comments?post=3176"}],"version-history":[{"count":7,"href":"https:\/\/casamansun.com\/index.php\/wp-json\/wp\/v2\/pages\/3176\/revisions"}],"predecessor-version":[{"id":3354,"href":"https:\/\/casamansun.com\/index.php\/wp-json\/wp\/v2\/pages\/3176\/revisions\/3354"}],"wp:attachment":[{"href":"https:\/\/casamansun.com\/index.php\/wp-json\/wp\/v2\/media?parent=3176"}],"curies":[{"name":"wp","href":"https:\/\/api.w.org\/{rel}","templated":true}]}}