{"id":3174,"date":"2024-02-10T19:39:03","date_gmt":"2024-02-10T18:39:03","guid":{"rendered":"https:\/\/casamansun.com\/?page_id=3174"},"modified":"2024-02-12T12:22:46","modified_gmt":"2024-02-12T11:22:46","slug":"casamansun-fiter-2022","status":"publish","type":"page","link":"https:\/\/casamansun.com\/index.php\/casamansun-fiter-2022\/","title":{"rendered":"Casamansun 2024"},"content":{"rendered":"\n<p><strong>CasamanSun\u00a0<\/strong>est une conf\u00e9rence bi-annuelle visant \u00e0 promouvoir les \u00e9nergies renouvelables et le d\u00e9veloppement durable en Afrique. Elle se veut un cadre id\u00e9al pour cr\u00e9er une synergie entre les diff\u00e9rents acteurs : industriels, chercheurs acad\u00e9miques et universitaires, et d\u00e9cideurs publics. Des tables rondes et s\u00e9ances posters rassemblant tous les acteurs cit\u00e9s, mais \u00e9galement une conf\u00e9rence scientifique seront organis\u00e9es lors de\u00a0<strong>CasamanSun <\/strong>2024.<\/p>\n\n\n\n<p>Vous \u00eates cordialement invit\u00e9 \u00e0 soumettre vos derniers r\u00e9sultats de recherche pour\u00a0<strong>CasamanSun<\/strong>\u00a0<strong>2024<\/strong>. Les meilleurs papiers seront soumis pour publication dans un journal international avec comite de lecture et tous les papiers seront index\u00e9s dans Google Scholar et dans la revue du Cames.<\/p>\n\n\n\n<p>L\u2019\u00e9v\u00e9nement est organis\u00e9 par l\u2019Universite Assane Seck de Ziguinchor et l\u2019association Casamanscience.<\/p>\n\n\n\n<p>Des&nbsp;<strong>experts internationaux<\/strong>, notamment d\u2019Afrique de l\u2019Ouest viendront pr\u00e9senter les&nbsp;<strong>technologies<\/strong>&nbsp;<strong>r\u00e9centes&nbsp;<\/strong>ainsi que les&nbsp;<strong>d\u00e9fis actuels&nbsp;<\/strong>de l\u2019<strong>\u00e9nergie renouvelable et les defis environnementaux&nbsp;<\/strong>pour l\u2019<strong>Afrique<\/strong>.<\/p>\n\n\n\n<p>Les\u00a0<strong>trois th\u00e8mes centraux\u00a0<\/strong>de la conf\u00e9rence sont :\u00a0\u00a0\u00a0\u00a0<\/p>\n\n\n\n<ul>\n<li><strong>Th\u00e9matique 1 : \u00c9nergies Renouvelables et Efficacit\u00e9 Energetique<\/strong>\n<ul>\n<li>Solaire photovolta\u00efque<\/li>\n\n\n\n<li>Solaire thermique<\/li>\n\n\n\n<li>\u00c9olienne<\/li>\n\n\n\n<li>Hydraulique<\/li>\n\n\n\n<li>Biomasse<\/li>\n\n\n\n<li>Efficacit\u00e9 \u00e9nerg\u00e9tique<\/li>\n<\/ul>\n<\/li>\n\n\n\n<li><strong><strong>Th\u00e9matique <\/strong>2 : Environnement et d\u00e9veloppement durable<\/strong>\n<ul>\n<li>Gestion des Ressources Naturelles<\/li>\n\n\n\n<li>Changement Climatique et Impacts<\/li>\n\n\n\n<li>Environnement<\/li>\n\n\n\n<li>Littoral c\u00f4tier<\/li>\n\n\n\n<li>Environnement Urbain<\/li>\n\n\n\n<li>D\u00e9veloppement Durable<\/li>\n<\/ul>\n<\/li>\n\n\n\n<li><strong><strong>Th\u00e9matique 3 : Sciences de l\u2019Ing\u00e9nieur et Innovation<\/strong><\/strong>\n<ul>\n<li>Ing\u00e9nierie<\/li>\n\n\n\n<li>Nouvelles Technologies de l\u2019Information et de la Communication (NTICs)<\/li>\n<\/ul>\n<\/li>\n<\/ul>\n\n\n\n<p><strong>Dates importantes:<\/strong><\/p>\n\n\n\n<ul>\n<li>12 F\u00e9vrier 2024 : D\u00e9but des soumissions d&#8217;articles<\/li>\n\n\n\n<li>30 Juin 2024 : Date limite de soumission des r\u00e9sum\u00e9s d\u2019articles ;<\/li>\n\n\n\n<li>15 Septembre 2024: Notification d\u2019acceptation ;<\/li>\n\n\n\n<li>23 Octobre 2024 : Date limite d\u2019inscription ;<\/li>\n\n\n\n<li>07 au 09 Novembre 2024 : Conf\u00e9rences.<\/li>\n<\/ul>\n\n\n\n<p><strong><u>CONTEXTE ET JUSTIFICATIFS<\/u><\/strong><\/p>\n\n\n\n<p>L\u2019un des plus grands fl\u00e9aux que vit le continent africain et sp\u00e9cifiquement la r\u00e9gion ouest africaine est le probl\u00e8me de l\u2019acc\u00e8s \u00e0 l\u2019\u00e9nergie et de l\u2019emploi des jeunes qui chaque ann\u00e9e, sont des millions \u00e0 frapper \u00e0 la porte de l\u2019emploi. Pourtant ces pays disposent d\u2019\u00e9normes ressources locales pouvant r\u00e9soudre tous ces probl\u00e8mes par leur valorisation et l\u2019innovation scientifique et technologique.<\/p>\n\n\n\n<p>D\u2019autre part, la recherche scientifique est le soubassement d\u2019un d\u00e9veloppement socio-\u00e9conomique durable et innovant. Malgr\u00e9 l\u2019absence d\u2019une organisation statutaire des laboratoires de recherche au niveau institutionnel, les r\u00e9sultats des travaux de recherche dans les diff\u00e9rents laboratoires de recherche sont tr\u00e8s encourageants. En effet, chaque ann\u00e9e plus de 75 % de r\u00e9ussite aux diff\u00e9rentes inscriptions sur les listes CAMES en est une parfaite illustration.<\/p>\n\n\n\n<p>Dans le domaine des \u00e9nergies renouvelables et de l\u2019efficacit\u00e9 \u00e9nerg\u00e9tique, les chercheurs ne sont pas en reste \u00e0 la fois sur le plan de la formation avec la cr\u00e9ation de licences professionnelles, de master commune (MIER), de dizaines de publications scientifiques dans des revues internationales index\u00e9es et des brevets d\u2019innovation \u00e0 la fois \u00e0 l\u2019OAPI et \u00e0 l\u2019OMPI. Cependant, le manque de communication et l\u2019absence de diffusion des r\u00e9sultats de la recherche et des innovations vers les entreprises et la population font que l\u2019essentiel de ces travaux restent inconnus et dorment dans les biblioth\u00e8ques.<\/p>\n\n\n\n<p>Ainsi, le CASAMANSUN 2024 a pour objectif de r\u00e9unir et faire partager entre universitaires, chercheurs, inventeurs, innovateurs, acteurs et professionnels dans le domaine des \u00e9nergies renouvelables et de l\u2019efficacit\u00e9 \u00e9nerg\u00e9tique les diff\u00e9rents r\u00e9sultats et innovations scientifiques et technologiques mais aussi de faire la promotion des \u00e9nergies renouvelables aupr\u00e8s du grand public et des d\u00e9cideurs politiques.<\/p>\n\n\n\n<p><strong><u>OBJECTIFS<\/u><\/strong><\/p>\n\n\n\n<p><strong>CASAMANSUN 2024\u00a0<\/strong>est une rencontre scientifique internationale et professionnelle visant \u00e0 :<\/p>\n\n\n\n<ul>\n<li><strong>Renforcer&nbsp;<\/strong>les relations de coop\u00e9rations entre chercheurs et professionnels ;<\/li>\n\n\n\n<li><strong>Identifier&nbsp;<\/strong>les communaut\u00e9s scientifiques et professionnels travaillant dans le domaine des \u00e9nergies renouvelables, de l\u2019efficacit\u00e9 \u00e9nerg\u00e9tique et du d\u00e9veloppement durable ;<\/li>\n\n\n\n<li><strong>Cr\u00e9er&nbsp;<\/strong>une dynamique d\u2019\u00e9changes et de partages de savoirs et de savoirs faire entre universitaires, \u00e9lus locaux, industriels et professionnels ;<\/li>\n\n\n\n<li><strong>Sensibiliser&nbsp;<\/strong>les \u00e9tudiants et les communaut\u00e9s \u00e9ducatives sur les questions relatives au changement climatique \u00e0 la d\u00e9gradation de l\u2019environnement ;<\/li>\n\n\n\n<li><strong>Proposer&nbsp;<\/strong>des solutions concr\u00e8tes aux probl\u00e8mes auxquels sont confront\u00e9s les autorit\u00e9s gouvernementales, les autorit\u00e9s et groupements locaux et les organisations non gouvernementales (ONGs)&nbsp;;<\/li>\n\n\n\n<li><strong>Faciliter&nbsp;<\/strong>l\u2019insertion professionnelle des sortants \u00e0 travers des rencontres et expositions des professionnels du domaine.<\/li>\n<\/ul>\n\n\n\n<p><strong><u>CIBLES<\/u><\/strong><\/p>\n\n\n\n<ul>\n<li>Universitaires<\/li>\n\n\n\n<li>\u00c9tudiants<\/li>\n\n\n\n<li>Chercheurs<\/li>\n\n\n\n<li>Inventeurs-Innovateurs<\/li>\n\n\n\n<li>Professionnels<\/li>\n\n\n\n<li>Entreprises et industriels<\/li>\n\n\n\n<li>Autorit\u00e9s locales et \u00e9tatiques<\/li>\n\n\n\n<li>ONG<\/li>\n\n\n\n<li>Populations<\/li>\n<\/ul>\n","protected":false},"excerpt":{"rendered":"<p>CasamanSun\u00a0est une conf\u00e9rence bi-annuelle visant \u00e0 promouvoir les \u00e9nergies renouvelables et le d\u00e9veloppement durable en Afrique. Elle se veut un cadre id\u00e9al pour cr\u00e9er une synergie entre les diff\u00e9rents acteurs : industriels, chercheurs acad\u00e9miques et universitaires, et d\u00e9cideurs publics. Des tables rondes et s\u00e9ances posters rassemblant tous les acteurs cit\u00e9s, mais \u00e9galement une conf\u00e9rence scientifique seront organis\u00e9es lors de\u00a0CasamanSun 2024. Vous \u00eates cordialement invit\u00e9 \u00e0 soumettre vos derniers r\u00e9sultats de recherche pour\u00a0CasamanSun\u00a02024. Les meilleurs papiers seront soumis pour publication dans un journal international avec comite de lecture et tous les papiers seront index\u00e9s dans Google Scholar et dans la revue du Cames. L\u2019\u00e9v\u00e9nement est organis\u00e9 par l\u2019Universite Assane Seck de Ziguinchor et l\u2019association Casamanscience. Des&nbsp;experts internationaux, notamment d\u2019Afrique de l\u2019Ouest viendront pr\u00e9senter les&nbsp;technologies&nbsp;r\u00e9centes&nbsp;ainsi que les&nbsp;d\u00e9fis actuels&nbsp;de l\u2019\u00e9nergie renouvelable et les defis environnementaux&nbsp;pour l\u2019Afrique. Les\u00a0trois th\u00e8mes centraux\u00a0de la conf\u00e9rence sont :\u00a0\u00a0\u00a0\u00a0 Dates importantes: CONTEXTE ET JUSTIFICATIFS L\u2019un des plus grands fl\u00e9aux&hellip;<\/p>\n<p> <a class=\"more-link\" href=\"https:\/\/casamansun.com\/index.php\/casamansun-fiter-2022\/\">Read more<\/a><\/p>\n","protected":false},"author":1,"featured_media":0,"parent":0,"menu_order":0,"comment_status":"closed","ping_status":"closed","template":"","meta":{"footnotes":""},"_links":{"self":[{"href":"https:\/\/casamansun.com\/index.php\/wp-json\/wp\/v2\/pages\/3174"}],"collection":[{"href":"https:\/\/casamansun.com\/index.php\/wp-json\/wp\/v2\/pages"}],"about":[{"href":"https:\/\/casamansun.com\/index.php\/wp-json\/wp\/v2\/types\/page"}],"author":[{"embeddable":true,"href":"https:\/\/casamansun.com\/index.php\/wp-json\/wp\/v2\/users\/1"}],"replies":[{"embeddable":true,"href":"https:\/\/casamansun.com\/index.php\/wp-json\/wp\/v2\/comments?post=3174"}],"version-history":[{"count":8,"href":"https:\/\/casamansun.com\/index.php\/wp-json\/wp\/v2\/pages\/3174\/revisions"}],"predecessor-version":[{"id":3259,"href":"https:\/\/casamansun.com\/index.php\/wp-json\/wp\/v2\/pages\/3174\/revisions\/3259"}],"wp:attachment":[{"href":"https:\/\/casamansun.com\/index.php\/wp-json\/wp\/v2\/media?parent=3174"}],"curies":[{"name":"wp","href":"https:\/\/api.w.org\/{rel}","templated":true}]}}